{"id":3968,"date":"2023-07-06T09:37:52","date_gmt":"2023-07-06T07:37:52","guid":{"rendered":"https:\/\/lifethink.eu\/starbeach\/services\/"},"modified":"2025-06-04T09:37:44","modified_gmt":"2025-06-04T07:37:44","slug":"services","status":"publish","type":"page","link":"https:\/\/www.starbeachvillage.gr\/de\/services\/","title":{"rendered":"DIENSTLEISTUNGEN"},"content":{"rendered":"<p>Entdecken Sie das 4-Sterne-All-Inclusive-Familienresort in Kreta, mit herzlicher Gastfreundschaft und ganz pers\u00f6nlichem Service. Im Star Beach Village k\u00f6nnen Sie sich vom Alltag erholen, einzigartige Momente mit der Familie und unterhaltsame Aktivit\u00e4ten in einer Umgebung genie\u00dfen, deren entspannte Einrichtung und Stil den nat\u00fcrlichen Rhythmus des Insellebens widerspiegeln.<\/p>\n<p><u>Wichtige Informationen:<\/u><\/p>\n<p><em>G\u00e4ste des Star Beach Village haben \u00fcberall freien Zugang zum Star Beach Wasserpark, mit Ausnahme des VIP-Bereichs rund um die Hauptbar des Parks, der nicht Teil des All-Inclusive-Pakets des Hotels ist.<\/em><\/p>\n<p><em>Spezielle Schilder weisen den G\u00e4sten den Weg zu allen All-Inclusive-Bars und -Restaurants, die sie innerhalb des Wasserparks nutzen k\u00f6nnen, sowie zu den Swimmingpools, \u201eLazy Rivers\u201c und Rutschen.<\/em><\/p>\n<p><em>Von den insgesamt 70 Hektar des Hotels und des Wasserparks nimmt die VIP-Zone eine Fl\u00e4che von 1 Hektar ein.<\/em><\/p>\n<p><em>Der Eintritt in die VIP-Zone kostet f\u00fcr alle Besucher, Hotel- und Nicht-Hotelg\u00e4ste.<\/em><\/p>\n","protected":false},"excerpt":{"rendered":"<p>Entdecken Sie das 4-Sterne-All-Inclusive-Familienresort in Kreta, mit herzlicher Gastfreundschaft und ganz pers\u00f6nlichem Service. Im Star Beach Village k\u00f6nnen Sie sich vom Alltag erholen, einzigartige Momente mit der Familie und unterhaltsame Aktivit\u00e4ten in einer Umgebung genie\u00dfen, deren entspannte Einrichtung und Stil&hellip;<\/p>\n","protected":false},"author":1,"featured_media":0,"parent":0,"menu_order":0,"comment_status":"closed","ping_status":"closed","template":"kobo\/services.php","meta":{"_acf_changed":false,"footnotes":""},"class_list":["post-3968","page","type-page","status-publish","hentry","entry","no-media"],"acf":[],"aioseo_notices":[],"_links":{"self":[{"href":"https:\/\/www.starbeachvillage.gr\/de\/wp-json\/wp\/v2\/pages\/3968","targetHints":{"allow":["GET"]}}],"collection":[{"href":"https:\/\/www.starbeachvillage.gr\/de\/wp-json\/wp\/v2\/pages"}],"about":[{"href":"https:\/\/www.starbeachvillage.gr\/de\/wp-json\/wp\/v2\/types\/page"}],"author":[{"embeddable":true,"href":"https:\/\/www.starbeachvillage.gr\/de\/wp-json\/wp\/v2\/users\/1"}],"replies":[{"embeddable":true,"href":"https:\/\/www.starbeachvillage.gr\/de\/wp-json\/wp\/v2\/comments?post=3968"}],"version-history":[{"count":4,"href":"https:\/\/www.starbeachvillage.gr\/de\/wp-json\/wp\/v2\/pages\/3968\/revisions"}],"predecessor-version":[{"id":5021,"href":"https:\/\/www.starbeachvillage.gr\/de\/wp-json\/wp\/v2\/pages\/3968\/revisions\/5021"}],"wp:attachment":[{"href":"https:\/\/www.starbeachvillage.gr\/de\/wp-json\/wp\/v2\/media?parent=3968"}],"curies":[{"name":"wp","href":"https:\/\/api.w.org\/{rel}","templated":true}]}}