{"id":3985,"date":"2021-02-04T09:53:05","date_gmt":"2021-02-04T07:53:05","guid":{"rendered":"https:\/\/lifethink.eu\/starbeach\/activities\/"},"modified":"2023-08-07T09:43:43","modified_gmt":"2023-08-07T07:43:43","slug":"activities","status":"publish","type":"page","link":"https:\/\/www.starbeachvillage.gr\/de\/activities\/","title":{"rendered":"AKTIVIT\u00c4TEN"},"content":{"rendered":"<p>W\u00e4hrend Sie die nat\u00fcrliche Sch\u00f6nheit unseres Star Beach Village erkunden, k\u00f6nnen Sie sich mit Familie und Freunden bei erlebnisreichen Resort-Aktivit\u00e4ten austauschen. Unsere kleinen G\u00e4ste k\u00f6nnen einzigartige Aktivit\u00e4ten erleben, die sie mit Sicherheit begeistern und unterhalten werden.<\/p>\n<p>Mit acht verschiedenen Pools, Sporteinrichtungen, Tages- und Abendunterhaltung f\u00fcr alle Altersgruppen und einem Wasserpark gibt es im Star Beach Village keinen langweiligen Tag.<\/p>\n<p>Ruhe, Erholung, Sport und jede Menge Spa\u00df erwarten Sie auf Kreta.<\/p>\n","protected":false},"excerpt":{"rendered":"<p>W\u00e4hrend Sie die nat\u00fcrliche Sch\u00f6nheit unseres Star Beach Village erkunden, k\u00f6nnen Sie sich mit Familie und Freunden bei erlebnisreichen Resort-Aktivit\u00e4ten austauschen. Unsere kleinen G\u00e4ste k\u00f6nnen einzigartige Aktivit\u00e4ten erleben, die sie mit Sicherheit begeistern und unterhalten werden. Mit acht verschiedenen Pools,&hellip;<\/p>\n","protected":false},"author":1,"featured_media":0,"parent":0,"menu_order":0,"comment_status":"closed","ping_status":"closed","template":"kobo\/experiences.php","meta":{"_acf_changed":false,"footnotes":""},"class_list":["post-3985","page","type-page","status-publish","hentry","entry","no-media"],"acf":[],"aioseo_notices":[],"_links":{"self":[{"href":"https:\/\/www.starbeachvillage.gr\/de\/wp-json\/wp\/v2\/pages\/3985","targetHints":{"allow":["GET"]}}],"collection":[{"href":"https:\/\/www.starbeachvillage.gr\/de\/wp-json\/wp\/v2\/pages"}],"about":[{"href":"https:\/\/www.starbeachvillage.gr\/de\/wp-json\/wp\/v2\/types\/page"}],"author":[{"embeddable":true,"href":"https:\/\/www.starbeachvillage.gr\/de\/wp-json\/wp\/v2\/users\/1"}],"replies":[{"embeddable":true,"href":"https:\/\/www.starbeachvillage.gr\/de\/wp-json\/wp\/v2\/comments?post=3985"}],"version-history":[{"count":1,"href":"https:\/\/www.starbeachvillage.gr\/de\/wp-json\/wp\/v2\/pages\/3985\/revisions"}],"predecessor-version":[{"id":4755,"href":"https:\/\/www.starbeachvillage.gr\/de\/wp-json\/wp\/v2\/pages\/3985\/revisions\/4755"}],"wp:attachment":[{"href":"https:\/\/www.starbeachvillage.gr\/de\/wp-json\/wp\/v2\/media?parent=3985"}],"curies":[{"name":"wp","href":"https:\/\/api.w.org\/{rel}","templated":true}]}}