{"id":3988,"date":"2021-01-25T11:01:14","date_gmt":"2021-01-25T09:01:14","guid":{"rendered":"https:\/\/lifethink.eu\/starbeach\/dining\/"},"modified":"2023-08-07T09:55:08","modified_gmt":"2023-08-07T07:55:08","slug":"dining","status":"publish","type":"page","link":"https:\/\/www.starbeachvillage.gr\/de\/dining\/","title":{"rendered":"Essen"},"content":{"rendered":"<p>Das Star Beach Village setzt sich zum Ziel, Sie jeden Tag aufs Neue zu \u00fcberraschen. Unsere Restaurants und Bars sind so gestaltet, dass jedes Familienmitglied genau das genie\u00dfen kann, was es sich am meisten w\u00fcnscht. Ob zum Fr\u00fchst\u00fcck, Mittagessen, Nachmittagssnack oder Abendessen, das Resort bietet eine Vielzahl von Restaurants mit frisch zubereiteten und k\u00f6stlichen Gerichten, die Ihren Gaumen verw\u00f6hnen werden.<\/p>\n<p>Von einfachen Schnellimbissen, erfrischenden Cocktails, authentischen asiatischen K\u00f6stlichkeiten, klassischer mediterraner Hausmannskost bis hin zur gehobenen Gastronomie bietet unser Star Beach Village f\u00fcr jeden Geschmack und Appetit das Passende. Hier k\u00f6nnen Sie alle Ihre Gaumenfreuden erf\u00fcllen und eine Vielzahl von einzigartigen kulinarischen Erlebnissen genie\u00dfen.<\/p>\n","protected":false},"excerpt":{"rendered":"<p>Das Star Beach Village setzt sich zum Ziel, Sie jeden Tag aufs Neue zu \u00fcberraschen. Unsere Restaurants und Bars sind so gestaltet, dass jedes Familienmitglied genau das genie\u00dfen kann, was es sich am meisten w\u00fcnscht. Ob zum Fr\u00fchst\u00fcck, Mittagessen, Nachmittagssnack&hellip;<\/p>\n","protected":false},"author":1,"featured_media":0,"parent":0,"menu_order":0,"comment_status":"closed","ping_status":"closed","template":"kobo\/dining.php","meta":{"_acf_changed":false,"footnotes":""},"class_list":["post-3988","page","type-page","status-publish","hentry","entry","no-media"],"acf":[],"aioseo_notices":[],"_links":{"self":[{"href":"https:\/\/www.starbeachvillage.gr\/de\/wp-json\/wp\/v2\/pages\/3988","targetHints":{"allow":["GET"]}}],"collection":[{"href":"https:\/\/www.starbeachvillage.gr\/de\/wp-json\/wp\/v2\/pages"}],"about":[{"href":"https:\/\/www.starbeachvillage.gr\/de\/wp-json\/wp\/v2\/types\/page"}],"author":[{"embeddable":true,"href":"https:\/\/www.starbeachvillage.gr\/de\/wp-json\/wp\/v2\/users\/1"}],"replies":[{"embeddable":true,"href":"https:\/\/www.starbeachvillage.gr\/de\/wp-json\/wp\/v2\/comments?post=3988"}],"version-history":[{"count":1,"href":"https:\/\/www.starbeachvillage.gr\/de\/wp-json\/wp\/v2\/pages\/3988\/revisions"}],"predecessor-version":[{"id":4757,"href":"https:\/\/www.starbeachvillage.gr\/de\/wp-json\/wp\/v2\/pages\/3988\/revisions\/4757"}],"wp:attachment":[{"href":"https:\/\/www.starbeachvillage.gr\/de\/wp-json\/wp\/v2\/media?parent=3988"}],"curies":[{"name":"wp","href":"https:\/\/api.w.org\/{rel}","templated":true}]}}