{"id":3991,"date":"2021-01-19T09:13:53","date_gmt":"2021-01-19T07:13:53","guid":{"rendered":"https:\/\/lifethink.eu\/starbeach\/accomodation\/"},"modified":"2025-04-25T13:35:02","modified_gmt":"2025-04-25T11:35:02","slug":"accomodation","status":"publish","type":"page","link":"https:\/\/www.starbeachvillage.gr\/de\/accomodation\/","title":{"rendered":"UNTERKUNFT"},"content":{"rendered":"<p>Das Star Beach Village verf\u00fcgt \u00fcber gem\u00fctliche Zimmer, die so gestaltet sind, dass Sie sich w\u00e4hrend Ihres Familienurlaubs in Chersonissos auf Kreta voll und ganz entspannen k\u00f6nnen. Die eleganten und modernen Innenr\u00e4ume bieten zeitgem\u00e4\u00dfe und helle R\u00e4ume, die mit allen erforderlichen Annehmlichkeiten ausgestattet sind, um sich zu entspannen, sich mit Ihren Lieben zu treffen und sich nach einem langen Tag voller Aktivit\u00e4ten zu erholen.<\/p>\n","protected":false},"excerpt":{"rendered":"<p>Das Star Beach Village verf\u00fcgt \u00fcber gem\u00fctliche Zimmer, die so gestaltet sind, dass Sie sich w\u00e4hrend Ihres Familienurlaubs in Chersonissos auf Kreta voll und ganz entspannen k\u00f6nnen. Die eleganten und modernen Innenr\u00e4ume bieten zeitgem\u00e4\u00dfe und helle R\u00e4ume, die mit allen&hellip;<\/p>\n","protected":false},"author":1,"featured_media":0,"parent":0,"menu_order":0,"comment_status":"closed","ping_status":"closed","template":"kobo\/rooms.php","meta":{"_acf_changed":false,"footnotes":""},"class_list":["post-3991","page","type-page","status-publish","hentry","entry","no-media"],"acf":[],"aioseo_notices":[],"_links":{"self":[{"href":"https:\/\/www.starbeachvillage.gr\/de\/wp-json\/wp\/v2\/pages\/3991","targetHints":{"allow":["GET"]}}],"collection":[{"href":"https:\/\/www.starbeachvillage.gr\/de\/wp-json\/wp\/v2\/pages"}],"about":[{"href":"https:\/\/www.starbeachvillage.gr\/de\/wp-json\/wp\/v2\/types\/page"}],"author":[{"embeddable":true,"href":"https:\/\/www.starbeachvillage.gr\/de\/wp-json\/wp\/v2\/users\/1"}],"replies":[{"embeddable":true,"href":"https:\/\/www.starbeachvillage.gr\/de\/wp-json\/wp\/v2\/comments?post=3991"}],"version-history":[{"count":3,"href":"https:\/\/www.starbeachvillage.gr\/de\/wp-json\/wp\/v2\/pages\/3991\/revisions"}],"predecessor-version":[{"id":5016,"href":"https:\/\/www.starbeachvillage.gr\/de\/wp-json\/wp\/v2\/pages\/3991\/revisions\/5016"}],"wp:attachment":[{"href":"https:\/\/www.starbeachvillage.gr\/de\/wp-json\/wp\/v2\/media?parent=3991"}],"curies":[{"name":"wp","href":"https:\/\/api.w.org\/{rel}","templated":true}]}}