{"id":3995,"date":"2020-12-15T10:18:48","date_gmt":"2020-12-15T08:18:48","guid":{"rendered":"https:\/\/lifethink.eu\/starbeach\/location\/"},"modified":"2023-08-07T09:42:00","modified_gmt":"2023-08-07T07:42:00","slug":"location","status":"publish","type":"page","link":"https:\/\/www.starbeachvillage.gr\/de\/location\/","title":{"rendered":"Lage"},"content":{"rendered":"<p>Kreta ist die Insel der wilden Sch\u00f6nheit, der gro\u00dfen Abenteuer, der reichen Kultur und Geschichte und des ausgezeichneten Essens. Es bietet einfach alles, was man f\u00fcr einen idealen Urlaub braucht.<\/p>\n<p><strong>CHERSONISSOS<\/strong><\/p>\n<p>Geschichte und Kultur, Nachtleben und Unterhaltung verbinden sich in der bezaubernden Stadt Chersonissos perfekt mit wundersch\u00f6nen Str\u00e4nden. An der Nordk\u00fcste der Insel Kreta liegt diese lebhafte und lebendige Stadt, eingebettet zwischen den Bergen und dem azurblauen Meer. Sie gilt als eines der beliebtesten Urlaubsziele der Insel, mit unz\u00e4hligen Caf\u00e9s, Bars und Restaurants, die ein einzigartiges kosmopolitisches Mosaik bilden. Die Stadt befindet sich in bester Lage und ist seit der minoischen Zeit besiedelt. Sie war ein Ort des Austauschs, der Versammlungen und des Handels. Umgeben von Wasser und gepr\u00e4gt von der Geschichte ist Chersonissos ein Reiseziel, das man entdecken muss. Lassen Sie sich von den Gassen verzaubern und geben Sie sich der reichen Geschichte, dem pulsierenden Nachtleben und dem atemberaubenden Blick auf\u2018s Meer hin. Wir versprechen Ihnen, dass Ihre Reise nach Chersonissos einfach unvergessen sein wird.<\/p>\n<p>Das Star Beach Village ist nur 1,5 km vom Zentrum von Chersonissos entfernt, in der N\u00e4he der ber\u00fchmten Sehensw\u00fcrdigkeiten der Insel und dient als idealer Ausgangspunkt f\u00fcr Ausfl\u00fcge, egal wohin.<\/p>\n","protected":false},"excerpt":{"rendered":"<p>Kreta ist die Insel der wilden Sch\u00f6nheit, der gro\u00dfen Abenteuer, der reichen Kultur und Geschichte und des ausgezeichneten Essens. Es bietet einfach alles, was man f\u00fcr einen idealen Urlaub braucht. CHERSONISSOS Geschichte und Kultur, Nachtleben und Unterhaltung verbinden sich in&hellip;<\/p>\n","protected":false},"author":1,"featured_media":0,"parent":0,"menu_order":0,"comment_status":"closed","ping_status":"closed","template":"kobo\/location.php","meta":{"_acf_changed":false,"footnotes":""},"class_list":["post-3995","page","type-page","status-publish","hentry","entry","no-media"],"acf":[],"aioseo_notices":[],"_links":{"self":[{"href":"https:\/\/www.starbeachvillage.gr\/de\/wp-json\/wp\/v2\/pages\/3995","targetHints":{"allow":["GET"]}}],"collection":[{"href":"https:\/\/www.starbeachvillage.gr\/de\/wp-json\/wp\/v2\/pages"}],"about":[{"href":"https:\/\/www.starbeachvillage.gr\/de\/wp-json\/wp\/v2\/types\/page"}],"author":[{"embeddable":true,"href":"https:\/\/www.starbeachvillage.gr\/de\/wp-json\/wp\/v2\/users\/1"}],"replies":[{"embeddable":true,"href":"https:\/\/www.starbeachvillage.gr\/de\/wp-json\/wp\/v2\/comments?post=3995"}],"version-history":[{"count":1,"href":"https:\/\/www.starbeachvillage.gr\/de\/wp-json\/wp\/v2\/pages\/3995\/revisions"}],"predecessor-version":[{"id":4754,"href":"https:\/\/www.starbeachvillage.gr\/de\/wp-json\/wp\/v2\/pages\/3995\/revisions\/4754"}],"wp:attachment":[{"href":"https:\/\/www.starbeachvillage.gr\/de\/wp-json\/wp\/v2\/media?parent=3995"}],"curies":[{"name":"wp","href":"https:\/\/api.w.org\/{rel}","templated":true}]}}