{"id":4001,"date":"2020-12-15T10:00:46","date_gmt":"2020-12-15T08:00:46","guid":{"rendered":"https:\/\/lifethink.eu\/starbeach\/about\/"},"modified":"2023-08-10T08:38:39","modified_gmt":"2023-08-10T06:38:39","slug":"about","status":"publish","type":"page","link":"https:\/\/www.starbeachvillage.gr\/de\/about\/","title":{"rendered":"DAS HOTEL"},"content":{"rendered":"<p>Das Star Beach Village ist ein 4-Sterne-All-Inclusive-Resort auf Kreta, das nur wenige Schritte von einem wundersch\u00f6nen wei\u00dfen Sandstrand in Chersonissos entfernt liegt und Ihnen Komfort und Spa\u00df ohne Grenzen bietet. Genie\u00dfen Sie elegante Unterk\u00fcnfte, exklusiven Service und k\u00f6stliche K\u00fcche, kombiniert mit einer F\u00fclle von au\u00dfergew\u00f6hnlichen Aktivit\u00e4ten und Erlebnissen f\u00fcr G\u00e4ste jeden Alters.<\/p>\n<p>Stellen Sie sich vor, Sie wachen auf und blicken auf das kretische Meer, strecken sich aus und machen sich bereit f\u00fcr einen Tag voller Ideen und Erlebnisse. Das Star Beach Village eignet sich hervorragend f\u00fcr einen spielerischen Familienausflug und ist die beste Wahl f\u00fcr einen unvergesslichen Urlaub mit Familie, Freunden und Bekannten. Seine exklusiven Dienstleistungen und seine privilegierte Lage am Strand machen dieses Resort in Chersonissos, Kreta, zu einer einzigartigen Oase der Entspannung und des Vergn\u00fcgens, die allen Anspr\u00fcchen gerecht wird.<\/p>\n<p>&nbsp;<\/p>\n<p>&nbsp;<\/p>\n","protected":false},"excerpt":{"rendered":"<p>Das Star Beach Village ist ein 4-Sterne-All-Inclusive-Resort auf Kreta, das nur wenige Schritte von einem wundersch\u00f6nen wei\u00dfen Sandstrand in Chersonissos entfernt liegt und Ihnen Komfort und Spa\u00df ohne Grenzen bietet. Genie\u00dfen Sie elegante Unterk\u00fcnfte, exklusiven Service und k\u00f6stliche K\u00fcche, kombiniert&hellip;<\/p>\n","protected":false},"author":1,"featured_media":0,"parent":0,"menu_order":0,"comment_status":"closed","ping_status":"closed","template":"kobo\/about.php","meta":{"_acf_changed":false,"footnotes":""},"class_list":["post-4001","page","type-page","status-publish","hentry","entry","no-media"],"acf":[],"aioseo_notices":[],"_links":{"self":[{"href":"https:\/\/www.starbeachvillage.gr\/de\/wp-json\/wp\/v2\/pages\/4001","targetHints":{"allow":["GET"]}}],"collection":[{"href":"https:\/\/www.starbeachvillage.gr\/de\/wp-json\/wp\/v2\/pages"}],"about":[{"href":"https:\/\/www.starbeachvillage.gr\/de\/wp-json\/wp\/v2\/types\/page"}],"author":[{"embeddable":true,"href":"https:\/\/www.starbeachvillage.gr\/de\/wp-json\/wp\/v2\/users\/1"}],"replies":[{"embeddable":true,"href":"https:\/\/www.starbeachvillage.gr\/de\/wp-json\/wp\/v2\/comments?post=4001"}],"version-history":[{"count":3,"href":"https:\/\/www.starbeachvillage.gr\/de\/wp-json\/wp\/v2\/pages\/4001\/revisions"}],"predecessor-version":[{"id":4914,"href":"https:\/\/www.starbeachvillage.gr\/de\/wp-json\/wp\/v2\/pages\/4001\/revisions\/4914"}],"wp:attachment":[{"href":"https:\/\/www.starbeachvillage.gr\/de\/wp-json\/wp\/v2\/media?parent=4001"}],"curies":[{"name":"wp","href":"https:\/\/api.w.org\/{rel}","templated":true}]}}